{"id":375,"date":"2014-05-08T16:47:57","date_gmt":"2014-05-08T14:47:57","guid":{"rendered":"http:\/\/wordpress.p225347.webspaceconfig.de\/?page_id=375"},"modified":"2023-12-22T19:13:07","modified_gmt":"2023-12-22T17:13:07","slug":"restaurant","status":"publish","type":"page","link":"https:\/\/www.seltenbacher-hof.com\/en\/restaurant\/","title":{"rendered":"Restaurant"},"content":{"rendered":"<p>Hier finden Sie unsere aktuelle <a href=\"_wp_link_placeholder\" data-wplink-edit=\"true\">Speisekarte<\/a>.<br \/>\nWerfen Sie gerne auch einen Blick auf unsere <a href=\"https:\/\/www.seltenbacher-hof.com\/wp-content\/uploads\/2021\/11\/Dessert-Karte.pdf\">s\u00fc\u00dfen Leckereien<\/a>.<\/p>\n<p>Die Speisen k\u00f6nnen Sie bis 20:30 Uhr an unserer Rezeption bestellen &#8211; f\u00fcr nicht-Hausg\u00e4ste bereiten wir die Gerichte gerne auch zum Abholen zu!<\/p>\n<h1><\/h1>\n<h1>Wir bereiten unsere Speisen mit frischen, regionalen Zutaten<br \/>\nund dem Angebot der jeweiligen Saison zu \u2013 Guten Appetit.<\/h1>\n<p><strong>Unsere K\u00fcchenphilosophie:<\/strong><\/p>\n<p>Verschieden Anl\u00e4sse brauchen ein jeweils passendes Angebot. Deshalb f\u00fchlen wir uns in der gehobenen K\u00fcche genauso wohl wie bei schw\u00e4bisch-gutb\u00fcrgerlichen Klassikern.<\/p>\n<p>Mit unserern unterschiedlichen R\u00e4umlichkeiten im frisch renovierten Restaurant, der Gaststube und den Veranstaltungsr\u00e4umen f\u00fcr Ihr Businessessen ist Vielfalt eine unserer gro\u00dfen St\u00e4rken.\u00a0So bieten wir ein attraktives Ambiente f\u00fcr das gem\u00fctliche Genie\u00dfen zu zweit, im Kreise der ganzen Familie oder f\u00fcr Feierlichkeiten mit bis zu 100 G\u00e4sten. Bei sch\u00f6nem Wetter erwarten wir Sie auf unserer Terrasse \u2013 und f\u00fcr die Kinder haben wir einen eigenen Spielplatz und viel Platz ums Haus.<\/p>\n<p><strong>Unsere \u00d6ffnungszeiten<\/strong><\/p>\n<p>Fr\u00fchst\u00fcck:<br \/>\nMontag bis Freitag:\u00a0 \u00a0 6:30 Uhr &#8211; 8:30 Uhr<br \/>\nSamstag &amp; Sonntag:\u00a0 \u00a07:30 Uhr &#8211; 9:30 Uhr<\/p>\n<p>Restauraunt:<br \/>\nMontag bis Freitag:\u00a0 \u00a017:00 Uhr &#8211; 20:30 Uhr<br \/>\nSamstag &amp; Sonntag:\u00a0 12:00 Uhr &#8211; 20:00 Uhr<br \/>\nWechselnde Ruhetage<\/p>\n<p><a href=\"https:\/\/www.seltenbacher-hof.com\/wp-content\/uploads\/2014\/05\/IMG_0576.jpg\"><img loading=\"lazy\" decoding=\"async\" class=\"alignnone size-medium wp-image-843\" src=\"https:\/\/www.seltenbacher-hof.com\/wp-content\/uploads\/2014\/05\/IMG_0576-300x200.jpg\" alt=\"IMG_0576\" width=\"300\" height=\"200\" srcset=\"https:\/\/www.seltenbacher-hof.com\/wp-content\/uploads\/2014\/05\/IMG_0576-300x200.jpg 300w, https:\/\/www.seltenbacher-hof.com\/wp-content\/uploads\/2014\/05\/IMG_0576-1024x683.jpg 1024w, https:\/\/www.seltenbacher-hof.com\/wp-content\/uploads\/2014\/05\/IMG_0576-600x400.jpg 600w\" sizes=\"auto, (max-width: 300px) 100vw, 300px\" \/><img loading=\"lazy\" decoding=\"async\" class=\"alignnone wp-image-816 size-medium\" src=\"https:\/\/www.seltenbacher-hof.com\/wp-content\/uploads\/2014\/02\/IMG_0556-300x200.jpg\" alt=\"IMG_0556\" width=\"300\" height=\"200\" srcset=\"https:\/\/www.seltenbacher-hof.com\/wp-content\/uploads\/2014\/02\/IMG_0556-300x200.jpg 300w, https:\/\/www.seltenbacher-hof.com\/wp-content\/uploads\/2014\/02\/IMG_0556-1024x683.jpg 1024w, https:\/\/www.seltenbacher-hof.com\/wp-content\/uploads\/2014\/02\/IMG_0556-600x400.jpg 600w\" sizes=\"auto, (max-width: 300px) 100vw, 300px\" \/><\/a><a href=\"https:\/\/www.seltenbacher-hof.com\/wp-content\/uploads\/2014\/05\/IMG_0607.jpg\"><img loading=\"lazy\" decoding=\"async\" class=\"alignnone size-medium wp-image-888\" src=\"https:\/\/www.seltenbacher-hof.com\/wp-content\/uploads\/2014\/05\/IMG_0607-300x200.jpg\" alt=\"IMG_0607\" width=\"300\" height=\"200\" srcset=\"https:\/\/www.seltenbacher-hof.com\/wp-content\/uploads\/2014\/05\/IMG_0607-300x200.jpg 300w, https:\/\/www.seltenbacher-hof.com\/wp-content\/uploads\/2014\/05\/IMG_0607-1024x683.jpg 1024w, https:\/\/www.seltenbacher-hof.com\/wp-content\/uploads\/2014\/05\/IMG_0607-600x400.jpg 600w\" sizes=\"auto, (max-width: 300px) 100vw, 300px\" \/><\/a><\/p>\n<p><\/p>\n<h1>We prepare our dishes with fresh, local ingredients \u2013 Guten Appetit.<\/h1>\n<p><strong>Our kitchen philosophy:<\/strong><\/p>\n<p>Different occasions need a suitable offer. That is why we feel just as well in the upscale kitchen as in Swabian classics.<\/p>\n<p>With our different rooms in the newly renovated restaurant, the &#8220;Gaststube&#8221; and the conference rooms for your business diner, diversity is one of our greatest strengths. So we offer an attractive ambience for the cozy enjoyment for two, in the circle of the whole family or for celebrations with up to 100 guests. When the weather is fine we will be waiting for you on our terrace &#8211; and for the children we have our own playground and lots of space around the house.<\/p>\n<p><a href=\"https:\/\/www.seltenbacher-hof.com\/wp-content\/uploads\/2014\/05\/IMG_0576.jpg\"><img loading=\"lazy\" decoding=\"async\" class=\"alignnone size-medium wp-image-843\" src=\"https:\/\/www.seltenbacher-hof.com\/wp-content\/uploads\/2014\/05\/IMG_0576-300x200.jpg\" alt=\"IMG_0576\" width=\"300\" height=\"200\" srcset=\"https:\/\/www.seltenbacher-hof.com\/wp-content\/uploads\/2014\/05\/IMG_0576-300x200.jpg 300w, https:\/\/www.seltenbacher-hof.com\/wp-content\/uploads\/2014\/05\/IMG_0576-1024x683.jpg 1024w, https:\/\/www.seltenbacher-hof.com\/wp-content\/uploads\/2014\/05\/IMG_0576-600x400.jpg 600w\" sizes=\"auto, (max-width: 300px) 100vw, 300px\" \/><img loading=\"lazy\" decoding=\"async\" class=\"alignnone size-medium wp-image-816\" src=\"https:\/\/www.seltenbacher-hof.com\/wp-content\/uploads\/2014\/02\/IMG_0556-300x200.jpg\" alt=\"IMG_0556\" width=\"300\" height=\"200\" srcset=\"https:\/\/www.seltenbacher-hof.com\/wp-content\/uploads\/2014\/02\/IMG_0556-300x200.jpg 300w, https:\/\/www.seltenbacher-hof.com\/wp-content\/uploads\/2014\/02\/IMG_0556-1024x683.jpg 1024w, https:\/\/www.seltenbacher-hof.com\/wp-content\/uploads\/2014\/02\/IMG_0556-600x400.jpg 600w\" sizes=\"auto, (max-width: 300px) 100vw, 300px\" \/><\/a><a href=\"https:\/\/www.seltenbacher-hof.com\/wp-content\/uploads\/2014\/05\/IMG_0607.jpg\"><img loading=\"lazy\" decoding=\"async\" class=\"alignnone size-medium wp-image-888\" src=\"https:\/\/www.seltenbacher-hof.com\/wp-content\/uploads\/2014\/05\/IMG_0607-300x200.jpg\" alt=\"IMG_0607\" width=\"300\" height=\"200\" srcset=\"https:\/\/www.seltenbacher-hof.com\/wp-content\/uploads\/2014\/05\/IMG_0607-300x200.jpg 300w, https:\/\/www.seltenbacher-hof.com\/wp-content\/uploads\/2014\/05\/IMG_0607-1024x683.jpg 1024w, https:\/\/www.seltenbacher-hof.com\/wp-content\/uploads\/2014\/05\/IMG_0607-600x400.jpg 600w\" sizes=\"auto, (max-width: 300px) 100vw, 300px\" \/><\/a><\/p>\n<p><\/p>","protected":false},"excerpt":{"rendered":"<p>Hier finden Sie unsere aktuelle Speisekarte. Werfen Sie gerne auch einen Blick auf unsere s\u00fc\u00dfen Leckereien. Die Speisen k\u00f6nnen Sie bis 20:30 Uhr an unserer Rezeption bestellen &#8211; f\u00fcr nicht-Hausg\u00e4ste bereiten wir die Gerichte gerne auch zum Abholen zu! Wir bereiten unsere Speisen mit frischen, regionalen Zutaten und dem Angebot der jeweiligen Saison zu \u2013 [&hellip;]<\/p>\n","protected":false},"author":1,"featured_media":0,"parent":0,"menu_order":0,"comment_status":"closed","ping_status":"closed","template":"","meta":{"footnotes":""},"class_list":["post-375","page","type-page","status-publish","hentry"],"_links":{"self":[{"href":"https:\/\/www.seltenbacher-hof.com\/en\/wp-json\/wp\/v2\/pages\/375","targetHints":{"allow":["GET"]}}],"collection":[{"href":"https:\/\/www.seltenbacher-hof.com\/en\/wp-json\/wp\/v2\/pages"}],"about":[{"href":"https:\/\/www.seltenbacher-hof.com\/en\/wp-json\/wp\/v2\/types\/page"}],"author":[{"embeddable":true,"href":"https:\/\/www.seltenbacher-hof.com\/en\/wp-json\/wp\/v2\/users\/1"}],"replies":[{"embeddable":true,"href":"https:\/\/www.seltenbacher-hof.com\/en\/wp-json\/wp\/v2\/comments?post=375"}],"version-history":[{"count":78,"href":"https:\/\/www.seltenbacher-hof.com\/en\/wp-json\/wp\/v2\/pages\/375\/revisions"}],"predecessor-version":[{"id":1434,"href":"https:\/\/www.seltenbacher-hof.com\/en\/wp-json\/wp\/v2\/pages\/375\/revisions\/1434"}],"wp:attachment":[{"href":"https:\/\/www.seltenbacher-hof.com\/en\/wp-json\/wp\/v2\/media?parent=375"}],"curies":[{"name":"wp","href":"https:\/\/api.w.org\/{rel}","templated":true}]}}