{"id":521,"date":"2014-07-06T17:28:55","date_gmt":"2014-07-06T15:28:55","guid":{"rendered":"http:\/\/wordpress.p225347.webspaceconfig.de\/?page_id=521"},"modified":"2018-05-24T12:09:57","modified_gmt":"2018-05-24T10:09:57","slug":"impressum","status":"publish","type":"page","link":"https:\/\/www.seltenbacher-hof.com\/en\/impressum\/","title":{"rendered":"Legal Notices"},"content":{"rendered":"<p><\/p>\n<h1>Site Notice<\/h1>\n<h2>Information provided according to Sec. 5 German Telemedia Act (TMG):<\/h2>\n<p>Hotel Seltenbacher Hof<br \/>\n\u00c4usserer Talhof 2<br \/>\n78532 Tuttlingen<br \/>\nTel.: 07461- 96 55 0<br \/>\nFax 07461- 16 11 80<br \/>\ninfo@seltenbacher-hof.com<\/p>\n<p>A hotel of the Kickbusch Hotelbetriebs GmbH<br \/>\nKickbusch Hotelbetriebs GmbH<br \/>\nGartenstra\u00dfe 1<br \/>\n73087 Bad Boll<\/p>\n<h2>Represented by:<\/h2>\n<p> Gesch\u00e4ftsf\u00fchrer: Udo Kickbusch<\/p>\n<h2>Contact:<\/h2>\n<p>Telephone: +49 7461- 96 55 0<br \/>\nEmail: info@seltenbacher-hof.com<\/p>\n<h2>Register entry:<\/h2>\n<p>Entry in the Handelsregister. <br \/>\nRegistering court: Amtsgericht Ulm <br \/>\nRegistration number: HRB 533380<\/p>\n<h2>VAT:<\/h2>\n<p>VAT Id number according to Sec. 27 a German Value Added Tax Act:<br \/>\nDE215062397<\/p>\n<h2>Information concerning professional indemnity insurance:<\/h2>\n<p>Name and residence of insurer:<br \/>\nSV-Versicherung<br \/>\nStuttgart<\/p>\n<h2>Dispute resolution<\/h2>\n<p>We do not take part in online dispute resolutions at consumer arbitration boards.<\/p>\n<h3>Liability for Contents<\/h3>\n<p>As service providers, we are liable for own contents of these websites according to Sec. 7, paragraph 1 German Telemedia Act (TMG). However, according to Sec. 8 to 10 German Telemedia Act (TMG), service providers are not obligated to permanently monitor submitted or stored information or to search for evidences that indicate illegal activities.<\/p>\n<p>Legal obligations to removing information or to blocking the use of information remain unchallenged. In this case, liability is only possible at the time of knowledge about a specific violation of law. Illegal contents will be removed immediately at the time we get knowledge of them.<\/p>\n<h3>Liability for Links<\/h3>\n<p>Our offer includes links to external third party websites. We have no influence on the contents of those websites, therefore we cannot guarantee for those contents. Providers or administrators of linked websites are always responsible for their own contents.<\/p>\n<p>The linked websites had been checked for possible violations of law at the time of the establishment of the link. Illegal contents were not detected at the time of the linking. A permanent monitoring of the contents of linked websites cannot be imposed without reasonable indications that there has been a violation of law. Illegal links will be removed immediately at the time we get knowledge of them.<\/p>\n<h3>Copyright<\/h3>\n<p>Contents and compilations published on these websites by the providers are subject to German copyright laws. Reproduction, editing, distribution as well as the use of any kind outside the scope of the copyright law require a written permission of the author or originator. Downloads and copies of these websites are permitted for private use only.<br \/> The commercial use of our contents without permission of the originator is prohibited.<\/p>\n<p>Copyright laws of third parties are respected as long as the contents on these websites do not originate from the provider. Contributions of third parties on this site are indicated as such. However, if you notice any violations of copyright law, please inform us. Such contents will be removed immediately.<\/p>\n<p><strong>Photo Credits<\/strong><\/p>\n<p>Author and image source of the images used:<br \/>\nPhotos of the hotel and restaurant \u00a9\u00a0Netzwerk f\u00fcr Wirksame Werbung GmbH<br \/>\nKraft tanken im Gr\u00fcnen \u00a9 Suranyi Mate\/Shutterstock.com<br \/>\nHervorragende K\u00fcche \u00a9 Alexander Raths\/Fotolia.com<br \/>\nWanderer Stop-Over \u00a9 Suranyi Mate\/Shutterstock.com<br \/>\nWanderer Standard \u00a9 Markus Zeller\/Shutterstock.com<br \/>\nFahrrad Stop-Over \u00a9\u00a0Stefan Schurr\/Shutterstock.com<br \/>\nFahrrad Standard \u00a9\u00a0nullplus\/Shutterstock.com<br \/>\nFahrradspezial \u00a9\u00a0Samo Trebizan\/Shutterstock.com<br \/>\nAusflugstipps \u00a9 ira008\/Shutterstock.com<br \/>\nFeiern (Hintergrund) \u00a9\u00a0Lenslife\/Fotolia.com<\/p>\n<p><strong>Website-Creation:<\/strong><\/p>\n<p>Netzwerk f\u00fcr Wirksame Werbung GmbH<br \/>\nIm Roth Carr\u00e8e<br \/>\nSchillerplatz 10<br \/>\n73033 G\u00f6ppingen<br \/>\n<a href=\"mailto:info@michael-wirkner.de\">info@michael-wirkner.de<\/a><br \/>\n<a href=\"http:\/\/www.michael-wirkner.de\">http:\/\/www.michael-wirkner.de<\/a><\/p>","protected":false},"excerpt":{"rendered":"<p>Site Notice Information provided according to Sec. 5 German Telemedia Act (TMG): Hotel Seltenbacher Hof \u00c4usserer Talhof 2 78532 Tuttlingen Tel.: 07461- 96 55 0 Fax 07461- 16 11 80 info@seltenbacher-hof.com A hotel of the Kickbusch Hotelbetriebs GmbH Kickbusch Hotelbetriebs GmbH Gartenstra\u00dfe 1 73087 Bad Boll Represented by: Gesch\u00e4ftsf\u00fchrer: Udo Kickbusch Contact: Telephone: +49 7461- [&hellip;]<\/p>\n","protected":false},"author":1,"featured_media":0,"parent":0,"menu_order":0,"comment_status":"closed","ping_status":"closed","template":"","meta":{"footnotes":""},"class_list":["post-521","page","type-page","status-publish","hentry"],"_links":{"self":[{"href":"https:\/\/www.seltenbacher-hof.com\/en\/wp-json\/wp\/v2\/pages\/521","targetHints":{"allow":["GET"]}}],"collection":[{"href":"https:\/\/www.seltenbacher-hof.com\/en\/wp-json\/wp\/v2\/pages"}],"about":[{"href":"https:\/\/www.seltenbacher-hof.com\/en\/wp-json\/wp\/v2\/types\/page"}],"author":[{"embeddable":true,"href":"https:\/\/www.seltenbacher-hof.com\/en\/wp-json\/wp\/v2\/users\/1"}],"replies":[{"embeddable":true,"href":"https:\/\/www.seltenbacher-hof.com\/en\/wp-json\/wp\/v2\/comments?post=521"}],"version-history":[{"count":17,"href":"https:\/\/www.seltenbacher-hof.com\/en\/wp-json\/wp\/v2\/pages\/521\/revisions"}],"predecessor-version":[{"id":1184,"href":"https:\/\/www.seltenbacher-hof.com\/en\/wp-json\/wp\/v2\/pages\/521\/revisions\/1184"}],"wp:attachment":[{"href":"https:\/\/www.seltenbacher-hof.com\/en\/wp-json\/wp\/v2\/media?parent=521"}],"curies":[{"name":"wp","href":"https:\/\/api.w.org\/{rel}","templated":true}]}}